{"id":305,"date":"2016-06-28T01:37:06","date_gmt":"2016-06-28T00:37:06","guid":{"rendered":"https:\/\/the7.io\/construction\/?page_id=305"},"modified":"2023-09-11T14:05:12","modified_gmt":"2023-09-11T14:05:12","slug":"news","status":"publish","type":"page","link":"https:\/\/inseca.ar\/index.php\/news\/","title":{"rendered":"Noticias"},"content":{"rendered":"<p>[vc_row][vc_column]<style type=\"text\/css\" data-type=\"the7_shortcodes-inline-css\">.blog-shortcode.blog-list-shortcode-id-bd284c5fecdd12462f2d147a46013e98.dividers-on.classic-layout-list article {\n  margin-top: 50px;\n  padding-top: 0;\n}\n.blog-shortcode.blog-list-shortcode-id-bd284c5fecdd12462f2d147a46013e98.dividers-on.classic-layout-list article:first-of-type {\n  margin-top: 0;\n  padding-top: 0;\n}\n.blog-shortcode.blog-list-shortcode-id-bd284c5fecdd12462f2d147a46013e98.classic-layout-list.mode-list .post-thumbnail-wrap {\n  width: 30%;\n}\n.blog-shortcode.blog-list-shortcode-id-bd284c5fecdd12462f2d147a46013e98.classic-layout-list.mode-list .post-entry-content {\n  width: calc(100% - 30%);\n}\n.blog-shortcode.blog-list-shortcode-id-bd284c5fecdd12462f2d147a46013e98.classic-layout-list.mode-list .no-img .post-entry-content {\n  width: 100%;\n}\n.blog-shortcode.blog-list-shortcode-id-bd284c5fecdd12462f2d147a46013e98 .filter-bg-decoration .filter-categories a.act {\n  color: #fff;\n}\n.blog-shortcode.blog-list-shortcode-id-bd284c5fecdd12462f2d147a46013e98:not(.mode-masonry) article {\n  margin-top: 50px;\n}\n.blog-shortcode.blog-list-shortcode-id-bd284c5fecdd12462f2d147a46013e98:not(.mode-masonry) article:first-of-type,\n.blog-shortcode.blog-list-shortcode-id-bd284c5fecdd12462f2d147a46013e98:not(.mode-masonry) article.visible.first:not(.product) {\n  margin-top: 0;\n}\n.blog-shortcode.blog-list-shortcode-id-bd284c5fecdd12462f2d147a46013e98.dividers-on:not(.mode-masonry) article {\n  margin-top: 0;\n  padding-top: 50px;\n}\n.blog-shortcode.blog-list-shortcode-id-bd284c5fecdd12462f2d147a46013e98.dividers-on:not(.mode-masonry) article:first-of-type,\n.blog-shortcode.blog-list-shortcode-id-bd284c5fecdd12462f2d147a46013e98.dividers-on:not(.mode-masonry) article.visible.first:not(.product) {\n  margin-top: 0;\n  padding-top: 0;\n}\n.blog-shortcode.blog-list-shortcode-id-bd284c5fecdd12462f2d147a46013e98 .post-thumbnail-wrap {\n  padding: 0px 0px 50px 0px;\n}\n.blog-shortcode.blog-list-shortcode-id-bd284c5fecdd12462f2d147a46013e98.enable-bg-rollover .post-thumbnail-rollover:after {\n  background: -webkit-linear-gradient();\n  background: linear-gradient();\n}\n.blog-shortcode.blog-list-shortcode-id-bd284c5fecdd12462f2d147a46013e98 .gallery-zoom-ico {\n  width: 44px;\n  height: 44px;\n  line-height: 44px;\n  border-radius: 100px;\n  margin: -22px 0 0 -22px;\n  border-width: 0px;\n  color: #ffffff;\n}\n.bottom-overlap-layout-list.blog-shortcode.blog-list-shortcode-id-bd284c5fecdd12462f2d147a46013e98 .gallery-zoom-ico {\n  margin-top: -22px;\n}\n.gradient-overlay-layout-list.blog-shortcode.blog-list-shortcode-id-bd284c5fecdd12462f2d147a46013e98 .gallery-zoom-ico,\n.content-rollover-layout-list.blog-shortcode.blog-list-shortcode-id-bd284c5fecdd12462f2d147a46013e98 .gallery-zoom-ico {\n  margin: 0 0 10px;\n}\n.content-align-center.gradient-overlay-layout-list.blog-shortcode.blog-list-shortcode-id-bd284c5fecdd12462f2d147a46013e98 .gallery-zoom-ico,\n.content-align-center.content-rollover-layout-list.blog-shortcode.blog-list-shortcode-id-bd284c5fecdd12462f2d147a46013e98 .gallery-zoom-ico {\n  margin: 0 auto 10px;\n}\n.dt-icon-bg-on.blog-shortcode.blog-list-shortcode-id-bd284c5fecdd12462f2d147a46013e98 .gallery-zoom-ico {\n  background: rgba(255,255,255,0.3);\n  box-shadow: none;\n}\n.blog-shortcode.blog-list-shortcode-id-bd284c5fecdd12462f2d147a46013e98 .gallery-zoom-ico > span,\n.blog-shortcode.blog-list-shortcode-id-bd284c5fecdd12462f2d147a46013e98 .gallery-zoom-ico:before {\n  font-size: 32px;\n  line-height: 44px;\n}\n.blog-shortcode.blog-list-shortcode-id-bd284c5fecdd12462f2d147a46013e98 .gallery-zoom-ico > span,\n.blog-shortcode.blog-list-shortcode-id-bd284c5fecdd12462f2d147a46013e98 .gallery-zoom-ico:before {\n  color: #ffffff;\n}\n.blog-shortcode.blog-list-shortcode-id-bd284c5fecdd12462f2d147a46013e98 .fancy-date a {\n  background: #ffffff;\n  box-shadow: none;\n}\n.blog-shortcode.blog-list-shortcode-id-bd284c5fecdd12462f2d147a46013e98 .fancy-date a * {\n  color: #2d2d2d;\n}\n.blog-shortcode.blog-list-shortcode-id-bd284c5fecdd12462f2d147a46013e98 .entry-title,\n.blog-shortcode.blog-list-shortcode-id-bd284c5fecdd12462f2d147a46013e98.owl-carousel .entry-title {\n  margin-bottom: 15px;\n  font-weight: bold;\n}\n.blog-shortcode.blog-list-shortcode-id-bd284c5fecdd12462f2d147a46013e98 .entry-meta {\n  margin-bottom: 15px;\n}\n.blog-shortcode.blog-list-shortcode-id-bd284c5fecdd12462f2d147a46013e98 .portfolio-categories {\n  margin-bottom: 15px;\n}\n.blog-shortcode.blog-list-shortcode-id-bd284c5fecdd12462f2d147a46013e98 .entry-excerpt {\n  margin-bottom: 10px;\n}\n.blog-shortcode.blog-list-shortcode-id-bd284c5fecdd12462f2d147a46013e98:not(.centered-layout-list) .post-entry-content {\n  padding: 0px 0px 50px 30px;\n}\n.blog-shortcode.blog-list-shortcode-id-bd284c5fecdd12462f2d147a46013e98:not(.centered-layout-list):not(.content-bg-on):not(.mode-list) .no-img .post-entry-content {\n  padding: 0;\n}\n@media screen and (max-width: 768px) {\n  .blog-shortcode.blog-list-shortcode-id-bd284c5fecdd12462f2d147a46013e98 article {\n    -ms-flex-flow: column nowrap;\n    flex-flow: column nowrap;\n    margin-top: 20px;\n  }\n  .blog-shortcode.blog-list-shortcode-id-bd284c5fecdd12462f2d147a46013e98.dividers-on article {\n    border: none;\n  }\n  .blog-shortcode.blog-list-shortcode-id-bd284c5fecdd12462f2d147a46013e98.content-bg-on.centered-layout-list article {\n    padding: 0;\n  }\n  .blog-shortcode.blog-list-shortcode-id-bd284c5fecdd12462f2d147a46013e98.blog-shortcode.dividers-on article,\n  .blog-shortcode.blog-list-shortcode-id-bd284c5fecdd12462f2d147a46013e98.dividers-on.classic-layout-list article {\n    margin-top: 20px;\n    padding: 0;\n  }\n  .blog-shortcode.blog-list-shortcode-id-bd284c5fecdd12462f2d147a46013e98.blog-shortcode.dividers-on article:first-of-type,\n  .blog-shortcode.blog-list-shortcode-id-bd284c5fecdd12462f2d147a46013e98.dividers-on.classic-layout-list article:first-of-type {\n    padding: 0;\n  }\n  #page .blog-shortcode.blog-list-shortcode-id-bd284c5fecdd12462f2d147a46013e98 .post-thumbnail-wrap,\n  #page .blog-shortcode.blog-list-shortcode-id-bd284c5fecdd12462f2d147a46013e98 .post-entry-content {\n    width: 100%;\n    margin: 0;\n    top: 0;\n  }\n  #page .blog-shortcode.blog-list-shortcode-id-bd284c5fecdd12462f2d147a46013e98 .post-thumbnail-wrap {\n    padding: 0;\n  }\n  #page .blog-shortcode.blog-list-shortcode-id-bd284c5fecdd12462f2d147a46013e98 .post-entry-content:after {\n    display: none;\n  }\n  #page .blog-shortcode.blog-list-shortcode-id-bd284c5fecdd12462f2d147a46013e98 .project-even .post-thumbnail-wrap,\n  #page .blog-shortcode.blog-list-shortcode-id-bd284c5fecdd12462f2d147a46013e98.centered-layout-list .post-thumbnail-wrap {\n    -ms-flex-order: 0;\n    order: 0;\n  }\n  #page .blog-shortcode.blog-list-shortcode-id-bd284c5fecdd12462f2d147a46013e98.centered-layout-list .post-entry-title-content {\n    -ms-flex-order: 1;\n    order: 1;\n    width: 100%;\n    padding: 20px 20px 0;\n  }\n  #page .blog-shortcode.blog-list-shortcode-id-bd284c5fecdd12462f2d147a46013e98.centered-layout-list .post-entry-content {\n    -ms-flex-order: 2;\n    order: 2;\n    padding-top: 0;\n  }\n  #page .blog-shortcode.blog-list-shortcode-id-bd284c5fecdd12462f2d147a46013e98 .fancy-categories {\n    top: 10px;\n    left: 10px;\n    bottom: auto;\n    right: auto;\n  }\n  #page .blog-shortcode.blog-list-shortcode-id-bd284c5fecdd12462f2d147a46013e98 .fancy-date a {\n    top: 10px;\n    right: 10px;\n    left: auto;\n    bottom: auto;\n  }\n  #page .blog-shortcode.blog-list-shortcode-id-bd284c5fecdd12462f2d147a46013e98 .post-entry-content {\n    padding: 20px;\n  }\n  #page .blog-shortcode.blog-list-shortcode-id-bd284c5fecdd12462f2d147a46013e98 .entry-title {\n    margin: 3px 0 5px;\n    font-size: 20px;\n    line-height: 26px;\n  }\n  #page .blog-shortcode.blog-list-shortcode-id-bd284c5fecdd12462f2d147a46013e98 .entry-meta {\n    margin: 5px 0 5px;\n  }\n  #page .blog-shortcode.blog-list-shortcode-id-bd284c5fecdd12462f2d147a46013e98 .entry-excerpt {\n    margin: 15px 0 0;\n  }\n  #page .blog-shortcode.blog-list-shortcode-id-bd284c5fecdd12462f2d147a46013e98 .post-details {\n    margin: 5px 0 10px;\n  }\n  #page .blog-shortcode.blog-list-shortcode-id-bd284c5fecdd12462f2d147a46013e98 .post-details.details-type-link {\n    margin-bottom: 2px;\n  }\n}\n<\/style><div class=\"articles-list blog-shortcode mode-list blog-list-shortcode-id-bd284c5fecdd12462f2d147a46013e98 classic-layout-list dividers-on enable-bg-rollover jquery-filter dt-icon-bg-off circle-fancy-style loading-effect-fade-in\" data-cur-page=\"1\" data-post-limit=\"4\" data-pagination-mode=\"pages\"><article class=\"post project-odd visible post-1423 type-post status-publish format-standard has-post-thumbnail hentry category-notas tag-eficiencia-operativa tag-especialistas tag-reduccion-de-riesgos category-22 description-off\" data-name=\"8 Razones para Elegir a un Staff de Profesionales en Ingenier\u00eda Industrial y Seguridad en el Trabajo\" data-date=\"2023-09-11T20:06:35+00:00\">\n\n<div class=\"post-thumbnail-wrap\">\n\t<div class=\"post-thumbnail\">\n\n\t\t\n\t\t\n\t\t<a href=\"https:\/\/inseca.ar\/index.php\/2023\/09\/11\/8-razones-para-elegir-a-un-staff-de-profesionales-en-ingenieria-industrial-y-seguridad-en-el-trabajo\/\" class=\"post-thumbnail-rollover layzr-bg layzr-bg\" ><img class=\"blog-thumb-lazy-load preload-me lazy-load\" src=\"data:image\/svg+xml,%3Csvg%20xmlns%3D&#39;http%3A%2F%2Fwww.w3.org%2F2000%2Fsvg&#39;%20viewBox%3D&#39;0%200%20350%20350&#39;%2F%3E\" data-src=\"https:\/\/inseca.ar\/wp-content\/uploads\/2023\/09\/5-3.jpg\" data-srcset=\"https:\/\/inseca.ar\/wp-content\/uploads\/2023\/09\/5-3.jpg 350w\" alt=\"\" title=\"5\" width=\"350\" height=\"350\"  \/><\/a>\n\t<\/div>\n<\/div>\n\n\n<div class=\"post-entry-content\">\n\n\t<h3 class=\"entry-title\">\n\t\t<a href=\"https:\/\/inseca.ar\/index.php\/2023\/09\/11\/8-razones-para-elegir-a-un-staff-de-profesionales-en-ingenieria-industrial-y-seguridad-en-el-trabajo\/\" title=\"8 Razones para Elegir a un Staff de Profesionales en Ingenier\u00eda Industrial y Seguridad en el Trabajo\" rel=\"bookmark\">8 Razones para Elegir a un Staff de Profesionales en Ingenier\u00eda Industrial y Seguridad en el Trabajo<\/a>\n\t<\/h3>\n\n\t<div class=\"entry-meta\"><span class=\"category-link\"><a href=\"https:\/\/inseca.ar\/index.php\/category\/notas\/\" >Notas<\/a><\/span><a class=\"author vcard\" href=\"https:\/\/inseca.ar\/index.php\/author\/admininseca\/\" title=\"View all posts by admin\" rel=\"author\">By <span class=\"fn\">admin<\/span><\/a><a href=\"https:\/\/inseca.ar\/index.php\/2023\/09\/11\/8-razones-para-elegir-a-un-staff-de-profesionales-en-ingenieria-industrial-y-seguridad-en-el-trabajo\/#respond\" class=\"comment-link\" >Leave a comment<\/a><\/div>\n\t<div class=\"entry-excerpt\"><p>T\u00edtulo: &#8220;8 Razones para Elegir a un Staff de Profesionales en Ingenier\u00eda Industrial y Seguridad en el Trabajo&#8221; Cuando se trata de la gesti\u00f3n de la ingenier\u00eda industrial y la seguridad en el trabajo en su empresa, contar con un equipo de profesionales altamente capacitados puede marcar una gran diferencia. Aqu\u00ed te presentamos 8 razones&hellip;<\/p>\n<\/div>\n\t\n<a href=\"https:\/\/inseca.ar\/index.php\/2023\/09\/11\/8-razones-para-elegir-a-un-staff-de-profesionales-en-ingenieria-industrial-y-seguridad-en-el-trabajo\/\" class=\"post-details details-type-link\" aria-label=\"Read more about 8 Razones para Elegir a un Staff de Profesionales en Ingenier\u00eda Industrial y Seguridad en el Trabajo\">Read article<i class=\"dt-icon-the7-arrow-03\" aria-hidden=\"true\"><\/i><\/a>\n\n<\/div><\/article><article class=\"post project-odd visible post-1415 type-post status-publish format-standard has-post-thumbnail hentry category-notas tag-cultura-de-seguridad tag-cumplimiento-normativo tag-mantenimiento-preventivo tag-proteccion-de-trabajadores tag-supervision-de-practicas-laborales category-22 description-off\" data-name=\"La Importancia de los Controles Peri\u00f3dicos de Seguridad en Plantas Industriales\" data-date=\"2023-09-11T20:02:01+00:00\">\n\n<div class=\"post-thumbnail-wrap\">\n\t<div class=\"post-thumbnail\">\n\n\t\t\n\t\t\n\t\t<a href=\"https:\/\/inseca.ar\/index.php\/2023\/09\/11\/la-importancia-de-los-controles-periodicos-de-seguridad-en-plantas-industriales\/\" class=\"post-thumbnail-rollover layzr-bg layzr-bg\" ><img class=\"blog-thumb-lazy-load preload-me lazy-load\" src=\"data:image\/svg+xml,%3Csvg%20xmlns%3D&#39;http%3A%2F%2Fwww.w3.org%2F2000%2Fsvg&#39;%20viewBox%3D&#39;0%200%20768%20768&#39;%2F%3E\" data-src=\"https:\/\/inseca.ar\/wp-content\/uploads\/2020\/01\/con017-768x768.jpg\" data-srcset=\"https:\/\/inseca.ar\/wp-content\/uploads\/2020\/01\/con017-768x768.jpg 768w, https:\/\/inseca.ar\/wp-content\/uploads\/2020\/01\/con017-1000x1000.jpg 1000w\" alt=\"\" title=\"con017\" width=\"768\" height=\"768\"  \/><\/a>\n\t<\/div>\n<\/div>\n\n\n<div class=\"post-entry-content\">\n\n\t<h3 class=\"entry-title\">\n\t\t<a href=\"https:\/\/inseca.ar\/index.php\/2023\/09\/11\/la-importancia-de-los-controles-periodicos-de-seguridad-en-plantas-industriales\/\" title=\"La Importancia de los Controles Peri\u00f3dicos de Seguridad en Plantas Industriales\" rel=\"bookmark\">La Importancia de los Controles Peri\u00f3dicos de Seguridad en Plantas Industriales<\/a>\n\t<\/h3>\n\n\t<div class=\"entry-meta\"><span class=\"category-link\"><a href=\"https:\/\/inseca.ar\/index.php\/category\/notas\/\" >Notas<\/a><\/span><a class=\"author vcard\" href=\"https:\/\/inseca.ar\/index.php\/author\/admininseca\/\" title=\"View all posts by admin\" rel=\"author\">By <span class=\"fn\">admin<\/span><\/a><a href=\"https:\/\/inseca.ar\/index.php\/2023\/09\/11\/la-importancia-de-los-controles-periodicos-de-seguridad-en-plantas-industriales\/#respond\" class=\"comment-link\" >Leave a comment<\/a><\/div>\n\t<div class=\"entry-excerpt\"><p>La seguridad en las plantas industriales es una preocupaci\u00f3n primordial para cualquier empresa que opere en este entorno. La maquinaria pesada, las sustancias qu\u00edmicas peligrosas y las operaciones complejas pueden dar lugar a situaciones de riesgo que, si no se abordan adecuadamente, pueden tener consecuencias graves para los trabajadores y la empresa en su conjunto.&hellip;<\/p>\n<\/div>\n\t\n<a href=\"https:\/\/inseca.ar\/index.php\/2023\/09\/11\/la-importancia-de-los-controles-periodicos-de-seguridad-en-plantas-industriales\/\" class=\"post-details details-type-link\" aria-label=\"Read more about La Importancia de los Controles Peri\u00f3dicos de Seguridad en Plantas Industriales\">Read article<i class=\"dt-icon-the7-arrow-03\" aria-hidden=\"true\"><\/i><\/a>\n\n<\/div><\/article><article class=\"post project-odd visible post-1412 type-post status-publish format-standard has-post-thumbnail hentry category-notas category-22 description-off\" data-name=\"C\u00f3mo Cumplir con las Normativas de Seguridad en la Industria de Silos en Argentina\" data-date=\"2023-09-11T19:56:18+00:00\">\n\n<div class=\"post-thumbnail-wrap\">\n\t<div class=\"post-thumbnail\">\n\n\t\t\n\t\t\n\t\t<a href=\"https:\/\/inseca.ar\/index.php\/2023\/09\/11\/como-cumplir-con-las-normativas-de-seguridad-en-la-industria-de-silos-en-argentina\/\" class=\"post-thumbnail-rollover layzr-bg layzr-bg\" ><img class=\"blog-thumb-lazy-load preload-me lazy-load\" src=\"data:image\/svg+xml,%3Csvg%20xmlns%3D&#39;http%3A%2F%2Fwww.w3.org%2F2000%2Fsvg&#39;%20viewBox%3D&#39;0%200%20350%20350&#39;%2F%3E\" data-src=\"https:\/\/inseca.ar\/wp-content\/uploads\/2023\/09\/5-2-350x350.jpg\" data-srcset=\"https:\/\/inseca.ar\/wp-content\/uploads\/2023\/09\/5-2-350x350.jpg 350w\" alt=\"\" title=\"5\" width=\"350\" height=\"350\"  \/><\/a>\n\t<\/div>\n<\/div>\n\n\n<div class=\"post-entry-content\">\n\n\t<h3 class=\"entry-title\">\n\t\t<a href=\"https:\/\/inseca.ar\/index.php\/2023\/09\/11\/como-cumplir-con-las-normativas-de-seguridad-en-la-industria-de-silos-en-argentina\/\" title=\"C\u00f3mo Cumplir con las Normativas de Seguridad en la Industria de Silos en Argentina\" rel=\"bookmark\">C\u00f3mo Cumplir con las Normativas de Seguridad en la Industria de Silos en Argentina<\/a>\n\t<\/h3>\n\n\t<div class=\"entry-meta\"><span class=\"category-link\"><a href=\"https:\/\/inseca.ar\/index.php\/category\/notas\/\" >Notas<\/a><\/span><a class=\"author vcard\" href=\"https:\/\/inseca.ar\/index.php\/author\/admininseca\/\" title=\"View all posts by admin\" rel=\"author\">By <span class=\"fn\">admin<\/span><\/a><a href=\"https:\/\/inseca.ar\/index.php\/2023\/09\/11\/como-cumplir-con-las-normativas-de-seguridad-en-la-industria-de-silos-en-argentina\/#respond\" class=\"comment-link\" >Leave a comment<\/a><\/div>\n\t<div class=\"entry-excerpt\"><p>El cumplimiento de las normativas de seguridad es esencial en la industria de las plantas de silos en Argentina. Este art\u00edculo proporcionar\u00e1 una gu\u00eda detallada sobre c\u00f3mo las empresas pueden garantizar el cumplimiento de las regulaciones y normativas relevantes. Temas a Tratar: Una descripci\u00f3n de las normativas clave que afectan a la industria de silos&hellip;<\/p>\n<\/div>\n\t\n<a href=\"https:\/\/inseca.ar\/index.php\/2023\/09\/11\/como-cumplir-con-las-normativas-de-seguridad-en-la-industria-de-silos-en-argentina\/\" class=\"post-details details-type-link\" aria-label=\"Read more about C\u00f3mo Cumplir con las Normativas de Seguridad en la Industria de Silos en Argentina\">Read article<i class=\"dt-icon-the7-arrow-03\" aria-hidden=\"true\"><\/i><\/a>\n\n<\/div><\/article><article class=\"post project-odd visible post-1409 type-post status-publish format-standard has-post-thumbnail hentry category-notas category-22 description-off\" data-name=\"La Importancia de la Ingenier\u00eda Industrial en Empresas Exportadoras: Casos de \u00c9xito en Argentina\" data-date=\"2023-09-11T19:54:47+00:00\">\n\n<div class=\"post-thumbnail-wrap\">\n\t<div class=\"post-thumbnail\">\n\n\t\t\n\t\t\n\t\t<a href=\"https:\/\/inseca.ar\/index.php\/2023\/09\/11\/la-importancia-de-la-ingenieria-industrial-en-empresas-exportadoras-casos-de-exito-en-argentina\/\" class=\"post-thumbnail-rollover layzr-bg layzr-bg\" ><img class=\"blog-thumb-lazy-load preload-me lazy-load\" src=\"data:image\/svg+xml,%3Csvg%20xmlns%3D&#39;http%3A%2F%2Fwww.w3.org%2F2000%2Fsvg&#39;%20viewBox%3D&#39;0%200%20350%20350&#39;%2F%3E\" data-src=\"https:\/\/inseca.ar\/wp-content\/uploads\/2023\/09\/1-2-350x350.jpg\" data-srcset=\"https:\/\/inseca.ar\/wp-content\/uploads\/2023\/09\/1-2-350x350.jpg 350w\" alt=\"\" title=\"1\" width=\"350\" height=\"350\"  \/><\/a>\n\t<\/div>\n<\/div>\n\n\n<div class=\"post-entry-content\">\n\n\t<h3 class=\"entry-title\">\n\t\t<a href=\"https:\/\/inseca.ar\/index.php\/2023\/09\/11\/la-importancia-de-la-ingenieria-industrial-en-empresas-exportadoras-casos-de-exito-en-argentina\/\" title=\"La Importancia de la Ingenier\u00eda Industrial en Empresas Exportadoras: Casos de \u00c9xito en Argentina\" rel=\"bookmark\">La Importancia de la Ingenier\u00eda Industrial en Empresas Exportadoras: Casos de \u00c9xito en Argentina<\/a>\n\t<\/h3>\n\n\t<div class=\"entry-meta\"><span class=\"category-link\"><a href=\"https:\/\/inseca.ar\/index.php\/category\/notas\/\" >Notas<\/a><\/span><a class=\"author vcard\" href=\"https:\/\/inseca.ar\/index.php\/author\/admininseca\/\" title=\"View all posts by admin\" rel=\"author\">By <span class=\"fn\">admin<\/span><\/a><a href=\"https:\/\/inseca.ar\/index.php\/2023\/09\/11\/la-importancia-de-la-ingenieria-industrial-en-empresas-exportadoras-casos-de-exito-en-argentina\/#respond\" class=\"comment-link\" >Leave a comment<\/a><\/div>\n\t<div class=\"entry-excerpt\"><p>La ingenier\u00eda industrial desempe\u00f1a un papel cr\u00edtico en la optimizaci\u00f3n de las operaciones en empresas exportadoras argentinas, al mismo tiempo que garantiza la seguridad de los trabajadores. En este art\u00edculo, exploraremos c\u00f3mo la ingenier\u00eda industrial ha contribuido al \u00e9xito de varias empresas exportadoras en Argentina a trav\u00e9s de casos de estudio destacados. Ejemplos de \u00c9xito:&hellip;<\/p>\n<\/div>\n\t\n<a href=\"https:\/\/inseca.ar\/index.php\/2023\/09\/11\/la-importancia-de-la-ingenieria-industrial-en-empresas-exportadoras-casos-de-exito-en-argentina\/\" class=\"post-details details-type-link\" aria-label=\"Read more about La Importancia de la Ingenier\u00eda Industrial en Empresas Exportadoras: Casos de \u00c9xito en Argentina\">Read article<i class=\"dt-icon-the7-arrow-03\" aria-hidden=\"true\"><\/i><\/a>\n\n<\/div><\/article><article class=\"post project-odd hidden post-1406 type-post status-publish format-standard has-post-thumbnail hentry category-notas category-22 description-off\" data-name=\"Principales Riesgos y Medidas de Seguridad en Plantas de Silos en Argentina\" data-date=\"2023-09-11T19:52:16+00:00\">\n\n<div class=\"post-thumbnail-wrap\">\n\t<div class=\"post-thumbnail\">\n\n\t\t\n\t\t\n\t\t<a href=\"https:\/\/inseca.ar\/index.php\/2023\/09\/11\/principales-riesgos-y-medidas-de-seguridad-en-plantas-de-silos-en-argentina\/\" class=\"post-thumbnail-rollover layzr-bg layzr-bg\" ><img class=\"blog-thumb-lazy-load preload-me lazy-load\" src=\"data:image\/svg+xml,%3Csvg%20xmlns%3D&#39;http%3A%2F%2Fwww.w3.org%2F2000%2Fsvg&#39;%20viewBox%3D&#39;0%200%20350%20350&#39;%2F%3E\" data-src=\"https:\/\/inseca.ar\/wp-content\/uploads\/2023\/09\/3-2-350x350.jpg\" data-srcset=\"https:\/\/inseca.ar\/wp-content\/uploads\/2023\/09\/3-2-350x350.jpg 350w\" alt=\"\" title=\"3\" width=\"350\" height=\"350\"  \/><\/a>\n\t<\/div>\n<\/div>\n\n\n<div class=\"post-entry-content\">\n\n\t<h3 class=\"entry-title\">\n\t\t<a href=\"https:\/\/inseca.ar\/index.php\/2023\/09\/11\/principales-riesgos-y-medidas-de-seguridad-en-plantas-de-silos-en-argentina\/\" title=\"Principales Riesgos y Medidas de Seguridad en Plantas de Silos en Argentina\" rel=\"bookmark\">Principales Riesgos y Medidas de Seguridad en Plantas de Silos en Argentina<\/a>\n\t<\/h3>\n\n\t<div class=\"entry-meta\"><span class=\"category-link\"><a href=\"https:\/\/inseca.ar\/index.php\/category\/notas\/\" >Notas<\/a><\/span><a class=\"author vcard\" href=\"https:\/\/inseca.ar\/index.php\/author\/admininseca\/\" title=\"View all posts by admin\" rel=\"author\">By <span class=\"fn\">admin<\/span><\/a><a href=\"https:\/\/inseca.ar\/index.php\/2023\/09\/11\/principales-riesgos-y-medidas-de-seguridad-en-plantas-de-silos-en-argentina\/#respond\" class=\"comment-link\" >Leave a comment<\/a><\/div>\n\t<div class=\"entry-excerpt\"><p>En la industria agr\u00edcola argentina, las plantas de silos desempe\u00f1an un papel crucial en el almacenamiento de granos y otros productos agr\u00edcolas. Sin embargo, estas instalaciones tambi\u00e9n presentan riesgos significativos para los trabajadores. En este art\u00edculo, exploraremos en detalle los principales riesgos a los que se enfrentan los empleados en las plantas de silos y&hellip;<\/p>\n<\/div>\n\t\n<a href=\"https:\/\/inseca.ar\/index.php\/2023\/09\/11\/principales-riesgos-y-medidas-de-seguridad-en-plantas-de-silos-en-argentina\/\" class=\"post-details details-type-link\" aria-label=\"Read more about Principales Riesgos y Medidas de Seguridad en Plantas de Silos en Argentina\">Read article<i class=\"dt-icon-the7-arrow-03\" aria-hidden=\"true\"><\/i><\/a>\n\n<\/div><\/article><div class=\"paginator\" role=\"navigation\"><\/div><\/div>[\/vc_column][\/vc_row]<\/p>\n","protected":false},"excerpt":{"rendered":"<p>[vc_row][vc_column][\/vc_column][\/vc_row]<\/p>\n","protected":false},"author":1,"featured_media":0,"parent":0,"menu_order":3,"comment_status":"closed","ping_status":"closed","template":"","meta":{"footnotes":""},"_links":{"self":[{"href":"https:\/\/inseca.ar\/index.php\/wp-json\/wp\/v2\/pages\/305"}],"collection":[{"href":"https:\/\/inseca.ar\/index.php\/wp-json\/wp\/v2\/pages"}],"about":[{"href":"https:\/\/inseca.ar\/index.php\/wp-json\/wp\/v2\/types\/page"}],"author":[{"embeddable":true,"href":"https:\/\/inseca.ar\/index.php\/wp-json\/wp\/v2\/users\/1"}],"replies":[{"embeddable":true,"href":"https:\/\/inseca.ar\/index.php\/wp-json\/wp\/v2\/comments?post=305"}],"version-history":[{"count":1,"href":"https:\/\/inseca.ar\/index.php\/wp-json\/wp\/v2\/pages\/305\/revisions"}],"predecessor-version":[{"id":1326,"href":"https:\/\/inseca.ar\/index.php\/wp-json\/wp\/v2\/pages\/305\/revisions\/1326"}],"wp:attachment":[{"href":"https:\/\/inseca.ar\/index.php\/wp-json\/wp\/v2\/media?parent=305"}],"curies":[{"name":"wp","href":"https:\/\/api.w.org\/{rel}","templated":true}]}}